{"id":3363,"date":"2018-05-30T18:17:25","date_gmt":"2018-05-30T16:17:25","guid":{"rendered":"https:\/\/dietrich-mohr.com\/politique-de-confidentialite\/"},"modified":"2018-06-19T14:13:22","modified_gmt":"2018-06-19T12:13:22","slug":"politique-de-confidentialite","status":"publish","type":"page","link":"https:\/\/dietrich-mohr.com\/de\/politique-de-confidentialite\/","title":{"rendered":"Politique de confidentialit\u00e9"},"content":{"rendered":"<h2>Qui sommes-nous\u00a0?<\/h2>\n<p>L\u2019adresse de notre site Web est\u00a0: https:\/\/dietrich-mohr.com.<\/p>\n<p>Le site web \u00ab dietrich-mohr.com \u00bb \u00e0 est edit\u00e9 par le :<\/p>\n<p>Fonds de Dotation Dietrich-Mohr<br \/>\n55, avenue Kl\u00e9ber, 75116 Paris,<br \/>\nnum\u00e9ro SIRET 831 221 510 00017<\/p>\n<p>Le site web est h\u00e9berg\u00e9 par Planet Hoster (www.planethoster.com\/)<br \/>\n4416 Louis B. Mayer, Laval (Qu\u00e9bec) H7P 0G1, Canada<\/p>\n<p>Directeur de la publication : Mary Ann Mohr<\/p>\n<h2>Conditions d\u2019utilisation<\/h2>\n<p>La consultation du Site https:\/\/www.dietrich-mohr.com est subordonn\u00e9e \u00e0 l&#8217;acceptation int\u00e9grale et au respect par les internautes, des conditions d&#8217;utilisation ci-dessous.<\/p>\n<p>L&#8217;internaute s&#8217;engage d&#8217;ores et d\u00e9j\u00e0 \u00e0 faire des informations contenues sur le Site un usage personnel et non commercial. En cas de non-respect des dispositions des pr\u00e9sentes mentions l\u00e9gales, par l&#8217;internaute, sa responsabilit\u00e9 civile et\/ou p\u00e9nale pourraient se voir engag\u00e9es.<\/p>\n<h2>Responsabilit\u00e9 de l\u2019\u00e9diteur<\/h2>\n<p>Le FONDS DE DOTATION DIETRICH-MOHR se r\u00e9serve le droit de modifier, corriger ou supprimer le contenu du site. Le FONDS DE DOTATION DIETRICH-MOHR ne saurait \u00eatre tenue responsable de l\u2019utilisation qui serait faite par les internautes des informations contenues dans le site.<\/p>\n<p>Des liens hypertextes pr\u00e9sents sur le site DIETRICH-MOHR.COM permettent l\u2019acc\u00e8s \u00e0 d\u2019autres sites sur lesquels FONDS DE DOTATION DIETRICH-MOHR n\u2019exerce aucun contr\u00f4le. La responsabilit\u00e9 du FONDS DE DOTATION DIETRICH-MOHR ne saurait en aucun cas \u00eatre engag\u00e9e en cas de pr\u00e9judice caus\u00e9 par le contenu d\u2019un ou plusieurs des sites rattach\u00e9s par un lien hypertexte.<br \/>\nIl appartient aux internautes de prendre toutes les mesures appropri\u00e9es pour la protection de leur mat\u00e9riel, donn\u00e9es ou logiciel informatiques notamment contre les virus informatiques circulant sur le r\u00e9seau. Le FONDS DE DOTATION DIETRICH-MOHR ne saurait en aucun cas \u00eatre tenue responsable des dommages caus\u00e9s par un virus lors de la connexion \u00e0 son site.<\/p>\n<p>Le FONDS DE DOTATION DIETRICH-MOHR d\u00e9cline toute responsabilit\u00e9 pour les difficult\u00e9s rencontr\u00e9es lors de l\u2019acc\u00e8s \u00e0 son site ou pour toute d\u00e9faillance de communication. Tarification \u2013 L\u2019acc\u00e8s au site DIETRICH-MOHR.COM\u00a0est gratuit, hors fournisseurs d\u2019acc\u00e8s Internet et hors co\u00fbts de communications t\u00e9l\u00e9phoniques qui sont factur\u00e9s directement par les op\u00e9rateurs.<\/p>\n<p>Le FONDS DE DOTATION DIETRICH-MOHR ne peut garantir l&#8217;exhaustivit\u00e9 et la v\u00e9racit\u00e9 des informations pr\u00e9sentes sur le Site. De la m\u00eame mani\u00e8re, il ne peut garantir l&#8217;absence de modification par un tiers (intrusion, virus).<\/p>\n<h2>Propri\u00e9t\u00e9 intellectuelle<\/h2>\n<p>Le site web de Dietrich-MOHR, accessible \u00e0 l\u2019adresse internet https:\/\/www.dietrich-mohr.com est une \u0153uvre de l&#8217;esprit prot\u00e9g\u00e9e par les lois sur la propri\u00e9t\u00e9 intellectuelle. Le site et chacun des \u00e9l\u00e9ments qui le composent sont la propri\u00e9t\u00e9 exclusive de Dietrich-MOHR.<br \/>\nToute reproduction ou repr\u00e9sentation, int\u00e9grale ou partielle, du site ou de l&#8217;un quelconque des \u00e9l\u00e9ments qui le composent, est interdite de m\u00eame que leur alt\u00e9ration. L\u2019utilisation non autoris\u00e9e de l&#8217;une ou l&#8217;autre des photographies est constitutif d&#8217;un acte de contrefa\u00e7on comme le pr\u00e9voit l&#8217;article L335-3 du Code de la propri\u00e9t\u00e9 intellectuelle.<br \/>\nLa cr\u00e9ation de liens hypertextes vers le site web www.dietrich-mohr.com ne peut \u00eatre faite qu&#8217;avec l&#8217;autorisation \u00e9crite et pr\u00e9alable du FONDS DE DOTATION DIETRICH-MOHR.<br \/>\nTout internaute s&#8217;engage \u00e0 ne pas les utiliser et \u00e0 ne permettre \u00e0 quiconque d&#8217;utiliser ces contenus \u00e0 des fins ill\u00e9gales.<\/p>\n<p>Le site web de Dietrich-MOHR, www.dietrich-mohr.com a fait tous ses efforts pour s&#8217;assurer que les informations accessibles par l&#8217;interm\u00e9diaire de son site web www.dietrich-mohr.com sont exactes. Cependant, nous ne garantissons en aucune mani\u00e8re que ces informations sont exactes, compl\u00e8tes et \u00e0 jour.<br \/>\nLe FONDS DE DOTATION DIETRICH-MOHR n&#8217;assure aucune garantie, expresse ou tacite, concernant tout ou partie de son site web. En aucun cas, le FONDS DE DOTATION DIETRICH-MOHR ne peut \u00eatre tenue pour responsable d&#8217;un quelconque dommage direct ou indirect, quelle qu&#8217;en soit la nature, d\u00e9coulant de l&#8217;utilisation de son site web, www.dietrich-mohr.com.<\/p>\n<h2>Utilisation des donn\u00e9es personnelles collect\u00e9es<\/h2>\n<h3>Commentaires<\/h3>\n<p>Quand vous laissez un commentaire sur notre site web, les donn\u00e9es inscrites dans le formulaire de commentaire, mais aussi votre adresse IP et l\u2019agent utilisateur de votre navigateur sont collect\u00e9s pour nous aider \u00e0 la d\u00e9tection des commentaires ind\u00e9sirables.<\/p>\n<p>Une cha\u00eene anonymis\u00e9e cr\u00e9\u00e9e \u00e0 partir de votre adresse de messagerie (\u00e9galement appel\u00e9e hash) peut \u00eatre envoy\u00e9e au service Gravatar pour v\u00e9rifier si vous utilisez ce dernier. Les clauses de confidentialit\u00e9 du service Gravatar sont disponibles ici\u00a0: https:\/\/automattic.com\/privacy\/. Apr\u00e8s validation de votre commentaire, votre photo de profil sera visible publiquement \u00e0 cot\u00e9 de votre commentaire.<\/p>\n<h3>M\u00e9dias<\/h3>\n<p>Si vous \u00eates un utilisateur ou une utilisatrice enregistr\u00e9\u00b7e et que vous t\u00e9l\u00e9versez des images sur le site web, nous vous conseillons d\u2019\u00e9viter de t\u00e9l\u00e9verser des images contenant des donn\u00e9es EXIF de coordonn\u00e9es GPS. Les visiteurs de votre site web peuvent t\u00e9l\u00e9charger et extraire des donn\u00e9es de localisation depuis ces images.<\/p>\n<h3>Formulaires de contact<\/h3>\n<p>Traitement des donn\u00e9es personnelles :<br \/>\nLe FONDS DE DOTATION DIETRICH-MOHR recueille sur le site des donn\u00e9es personnelles d\u2019internautes ayant souhait\u00e9 prendre contact avec le formulaire de contact en ligne.<br \/>\nLes donn\u00e9es personnelles n\u00e9cessaire pour la prise de contact\u00a0sont uniquement : nom, pr\u00e9nom, email et message.<br \/>\nCertaines informations sp\u00e9cifiques demand\u00e9es dans les formulaires en ligne sont obligatoires. A noter que si leur saisie est erron\u00e9e, les informations ne sont pas envoy\u00e9es au FONDS DE DOTATION DIETRICH-MOHR.<\/p>\n<p>La finalit\u00e9 de traitement des donn\u00e9es personnelles pour l\u2019utilisateur par Le FONDS DE DOTATION DIETRICH-MOHR est de r\u00e9pondre aux sollicitations soumises pour des raisons de contact ou r\u00e9clamation, demande d\u2019information ou r\u00e9pondre \u00e0 des questions sur sur l\u2019\u0153uvre de Dietrich-Mohr Sculpteur.<\/p>\n<h3>Cookies<\/h3>\n<p>Si vous d\u00e9posez un commentaire sur notre site, il vous sera propos\u00e9 d\u2019enregistrer votre nom, adresse de messagerie et site web dans des cookies. C\u2019est uniquement pour votre confort afin de ne pas avoir \u00e0 saisir ces informations si vous d\u00e9posez un autre commentaire plus tard. Ces cookies expirent au bout d\u2019un an.<\/p>\n<p>Si vous avez un compte et que vous vous connectez sur ce site, un cookie temporaire sera cr\u00e9\u00e9 afin de d\u00e9terminer si votre navigateur accepte les cookies. Il ne contient pas de donn\u00e9es personnelles et sera supprim\u00e9 automatiquement \u00e0 la fermeture de votre navigateur.<\/p>\n<p>Lorsque vous vous connecterez, nous mettrons en place un certain nombre de cookies pour enregistrer vos informations de connexion et vos pr\u00e9f\u00e9rences d\u2019\u00e9cran. La dur\u00e9e de vie d\u2019un cookie de connexion est de deux jours, celle d\u2019un cookie d\u2019option d\u2019\u00e9cran est d\u2019un an. Si vous cochez \u00ab\u00a0Se souvenir de moi\u00a0\u00bb, votre cookie de connexion sera conserv\u00e9 pendant deux semaines. Si vous vous d\u00e9connectez de votre compte, le cookie de connexion sera effac\u00e9.<\/p>\n<p>En modifiant ou en publiant un article, un cookie suppl\u00e9mentaire sera enregistr\u00e9 dans votre navigateur. Ce cookie ne comprend aucune donn\u00e9e personnelle. Il indique simplement l\u2019identifiant de l\u2019article que vous venez de modifier. Il expire au bout d\u2019un jour.<\/p>\n<p>Le refus d\u2019installation d\u2019un cookie peut entra\u00eener l\u2019impossibilit\u00e9 d\u2019acc\u00e9der \u00e0 certains services. L\u2019utilisateur peut toutefois configurer son ordinateur pour refuser l\u2019installation des cookies :<br \/>\n<a href=\"https:\/\/support.microsoft.com\/fr-fr\/help\/17442\/windows-internet-explorer-delete-manage-cookies\" target=\"_blank\" rel=\"noopener\">Microsoft Internet Explorer<\/a>, <a href=\"https:\/\/support.google.com\/accounts\/answer\/61416\" target=\"_blank\" rel=\"noopener\">Google Chrome<\/a>, <a href=\"https:\/\/support.apple.com\/kb\/PH19214\" target=\"_blank\" rel=\"noopener\">Safari<\/a>, <a href=\"https:\/\/support.mozilla.org\/fr\/kb\/activer-desactiver-cookies-preferences\" target=\"_blank\" rel=\"noopener\">Firefox<\/a>, <a href=\"http:\/\/help.opera.com\/Windows\/10.20\/fr\/cookies.html\" target=\"_blank\" rel=\"noopener\">Opera<\/a><\/p>\n<h3>Contenu embarqu\u00e9 depuis d\u2019autres sites<\/h3>\n<p>Les articles de ce site peuvent inclure des contenus int\u00e9gr\u00e9s (par exemple des vid\u00e9os, images, articles\u2026). Le contenu int\u00e9gr\u00e9 depuis d\u2019autres sites se comporte de la m\u00eame mani\u00e8re que si le visiteur se rendait sur cet autre site.Ces sites web pourraient collecter des donn\u00e9es sur vous, utiliser des cookies, embarquer des outils de suivis tiers, suivre vos interactions avec ces contenus embarqu\u00e9s si vous disposez d\u2019un compte connect\u00e9 sur leur site web.<\/p>\n<h3>Statistiques et mesures d\u2019audience<\/h3>\n<p>Nous utilisons Google Analytics pour suivre les internautes sur ce Site.<br \/>\nGoogle Analytics utilise des cookies pour collecter ces donn\u00e9es.<br \/>\nVous pouvez bloquer l&#8217;utilisation des donn\u00e9es par Google Analytics.<br \/>\nAfin de se conformer \u00e0 la nouvelle r\u00e9glementation, Google a inclus une modification au traitement des donn\u00e9es que les internautes peuvent consulter voir lien : https:\/\/www.google.com\/analytics\/terms\/dpa\/dataprocessingamendment_20130906.html<br \/>\nLes donn\u00e9es que nous collectons seront trait\u00e9es anonymement et le &#8222;partage de donn\u00e9es&#8220; est d\u00e9sactiv\u00e9.<br \/>\nNous n&#8217;utilisons pas d&#8217;autres services Google en combinaison avec des cookies Google Analytics.<\/p>\n<h2>Utilisation et transmission de vos donn\u00e9es personnelles<\/h2>\n<p>Destinataires des donn\u00e9es personnelles :<br \/>\nLes donn\u00e9es personnelles collect\u00e9es par Le FONDS DE DOTATION DIETRICH-MOHR sur le site sont trait\u00e9es uniquement par les membres du FONDS DE DOTATION DIETRICH-MOHR.<br \/>\nLes donn\u00e9es personnelles sont stock\u00e9es sur des serveurs d\u2019h\u00e9bergement exclusivement situ\u00e9s dans l\u2019Union europ\u00e9enne et Le FONDS DE DOTATION DIETRICH-MOHR s\u2019engage \u00e0 ne pas transf\u00e9rer les donn\u00e9es personnelles des internautes \u00e0 des h\u00e9bergeurs dans un pays tiers.<\/p>\n<p>Le FONDS DE DOTATION DIETRICH-MOHR tient par \u00e9crit un registre de traitements des donn\u00e9es personnelles trait\u00e9es sur le site.<\/p>\n<h2>Dur\u00e9es de stockage de vos donn\u00e9es<\/h2>\n<p>Si vous laissez un commentaire, le commentaire et ses m\u00e9tadonn\u00e9es sont conserv\u00e9s ind\u00e9finiment. Cela permet de reconna\u00eetre et approuver automatiquement les commentaires suivants au lieu de les laisser dans la file de mod\u00e9ration.<\/p>\n<p>Pour les utilisateurs et utilisatrices qui s\u2019enregistrent sur notre site (si cela est possible), nous stockons \u00e9galement les donn\u00e9es personnelles indiqu\u00e9es dans leur profil. Tous les utilisateurs et utilisatrices peuvent voir, modifier ou supprimer leurs informations personnelles \u00e0 tout moment (\u00e0 l\u2019exception de leur nom d\u2019utilisateur\u00b7ice). Les gestionnaires du site peuvent aussi voir et modifier ces informations.<\/p>\n<p>Le FONDS DE DOTATION DIETRICH-MOHR s\u2019engage \u00e0 les conserver, sauf obligation l\u00e9gale ou r\u00e9glementaire contraire, pour une dur\u00e9e maximale de trois ans \u00e0 compter du dernier contact avec l\u2019internaute, qu&#8217;il soit \u00e0 l&#8217;initiative du FONDS DE DOTATION DIETRICH-MOHR ou de l&#8217;internaute par envoi de newsletter par exemple.<br \/>\nA l\u2019issue de cette dur\u00e9e ou en cas d\u2019exercice des droits par les internautes conform\u00e9ment \u00e0 l\u2019Article 3.6, Le FONDS DE DOTATION DIETRICH-MOHR s\u2019engage \u00e0 d\u00e9truire toute copie qu\u2019il d\u00e9tiendrait des donn\u00e9es personnelles des internautes.<\/p>\n<h2>Les droits que vous avez sur vos donn\u00e9es<\/h2>\n<p>Si vous avez un compte ou si vous avez laiss\u00e9 des commentaires sur le site, vous pouvez demander \u00e0 recevoir un fichier contenant toutes les donn\u00e9es personnelles que nous poss\u00e9dons \u00e0 votre sujet, incluant celles que vous nous avez fournies. Vous pouvez \u00e9galement demander la suppression des donn\u00e9es personnelles vous concernant. Cela ne prend pas en compte les donn\u00e9es stock\u00e9es \u00e0 des fins administratives, l\u00e9gales ou pour des raisons de s\u00e9curit\u00e9.<\/p>\n<p>Conform\u00e9ment \u00e0 la loi \u201cInformatique et Libert\u00e9s\u201d du 6 janvier 1978 modifi\u00e9e par la loi du 6 ao\u00fbt 2004 (articles 38 \u00e0 43 de la loi n\u00b0\u00a078-17 du 6 janvier 1978 relative \u00e0 l\u2019informatique, aux fichiers et aux libert\u00e9s), vous pouvez exercer votre droit d\u2019acc\u00e8s aux informations et le cas \u00e9ch\u00e9ant votre droit de rectification ou de retrait des informations vous concernant en \u00e9crivant au FONDS DE DOTATION DIETRICH-MOHR, 55 avenue Kl\u00e9ber, 75116 Paris. Pour toute information sur la protection des donn\u00e9es personnelles, vous pouvez consulter le site de la Commission Informatique et Libert\u00e9\u00a0http:\/\/www.cnil.fr.<\/p>\n<h2>Transmission de vos donn\u00e9es personnelles<\/h2>\n<p>Les commentaires des visiteurs peuvent \u00eatre v\u00e9rifi\u00e9s \u00e0 l\u2019aide d\u2019un service automatis\u00e9 de d\u00e9tection des commentaires ind\u00e9sirables.<\/p>\n<h3>Comment nous prot\u00e9geons vos donn\u00e9es<\/h3>\n<p>S\u00e9curit\u00e9 des donn\u00e9es personnelles :<br \/>\nLe FONDS DE DOTATION DIETRICH-MOHR accorde la plus haute importance \u00e0 la s\u00e9curit\u00e9 des donn\u00e9es personnelles et s\u2019engage, au titre de son obligation de moyens, \u00e0 prendre toutes les pr\u00e9cautions utiles et met en \u0153uvre des mesures techniques et organisationnelles appropri\u00e9es en la mati\u00e8re pour garantir un niveau de s\u00e9curit\u00e9 adapt\u00e9 et pour prot\u00e9ger les donn\u00e9es personnelles des internautes contre les alt\u00e9rations, destructions et acc\u00e8s non autoris\u00e9s.<\/p>\n<h3><\/h3>\n","protected":false},"excerpt":{"rendered":"<p>Qui sommes-nous\u00a0? L\u2019adresse de notre site Web est\u00a0: https:\/\/dietrich-mohr.com. Le site web \u00ab dietrich-mohr.com \u00bb \u00e0 est edit\u00e9 par le : Fonds de Dotation Dietrich-Mohr 55, avenue Kl\u00e9ber, 75116 Paris, num\u00e9ro SIRET 831 221 510 00017 Le site web est h\u00e9berg\u00e9 par Planet Hoster (www.planethoster.com\/) 4416 Louis B. Mayer, Laval (Qu\u00e9bec) H7P 0G1, Canada Directeur&hellip;<\/p>\n","protected":false},"author":1,"featured_media":0,"parent":0,"menu_order":0,"comment_status":"closed","ping_status":"closed","template":"","meta":{"footnotes":""},"class_list":["post-3363","page","type-page","status-publish","hentry","description-off"],"_links":{"self":[{"href":"https:\/\/dietrich-mohr.com\/de\/wp-json\/wp\/v2\/pages\/3363","targetHints":{"allow":["GET"]}}],"collection":[{"href":"https:\/\/dietrich-mohr.com\/de\/wp-json\/wp\/v2\/pages"}],"about":[{"href":"https:\/\/dietrich-mohr.com\/de\/wp-json\/wp\/v2\/types\/page"}],"author":[{"embeddable":true,"href":"https:\/\/dietrich-mohr.com\/de\/wp-json\/wp\/v2\/users\/1"}],"replies":[{"embeddable":true,"href":"https:\/\/dietrich-mohr.com\/de\/wp-json\/wp\/v2\/comments?post=3363"}],"version-history":[{"count":1,"href":"https:\/\/dietrich-mohr.com\/de\/wp-json\/wp\/v2\/pages\/3363\/revisions"}],"predecessor-version":[{"id":3368,"href":"https:\/\/dietrich-mohr.com\/de\/wp-json\/wp\/v2\/pages\/3363\/revisions\/3368"}],"wp:attachment":[{"href":"https:\/\/dietrich-mohr.com\/de\/wp-json\/wp\/v2\/media?parent=3363"}],"curies":[{"name":"wp","href":"https:\/\/api.w.org\/{rel}","templated":true}]}}