{"id":2630,"date":"2017-05-03T14:46:29","date_gmt":"2017-05-03T12:46:29","guid":{"rendered":"https:\/\/dietrich-mohr.com\/site\/fonds-de-dotation\/"},"modified":"2019-07-12T11:02:56","modified_gmt":"2019-07-12T09:02:56","slug":"fonds-de-dotation","status":"publish","type":"page","link":"https:\/\/dietrich-mohr.com\/de\/fonds-de-dotation\/","title":{"rendered":"Fonds de Dotation"},"content":{"rendered":"<div class=\"wpb-content-wrapper\"><p>[vc_row][vc_column][vc_column_text]<\/p>\n<h1 style=\"text-align: left;\">Fonds de Dotation Dietrich-Mohr<\/h1>\n<p>[\/vc_column_text][\/vc_column][\/vc_row][vc_row type=&#8220;1&#8243; bg_cover=&#8220;true&#8220; enable_parallax=&#8220;false&#8220;][vc_column][vc_empty_space height=&#8220;62px&#8220;][vc_column_text]<\/p>\n<h4 class=\"p1\"><span class=\"s1\">Dietrich-Mohr und seine Ehefrau Mary Ann Mohr hatten den Wunsch, einen \u00ab\u00a0Fonds de Dotation\u00a0\u00bb ins Leben zu rufen, um das Werk des K\u00fcnstlers zu sch\u00fctzen.<\/span><\/h4>\n<p class=\"p1\"><span class=\"s1\">Sie haben sich an einige ihrer Freunde<\/span><span class=\"s1\">\u00a0mit der Bitte gewandt, den Vorstand zu bilden. Aus verschiedenen Bereichen kommend, erg\u00e4nzen die Vorstandsmitglieder einander. <\/span><\/p>\n<p class=\"p1\"><span class=\"s1\">Dieser \u00ab\u00a0Fonds de Dotation\u00a0\u00bb\u00a0hat ganz konkrete Ziele. Das Werk des Bildhauers Dietrich-Mohr, eines bedeutenden Vertreters der abstrakten\u00a0<\/span><span class=\"s1\">Metallskulpturen<b>\u00a0<\/b><\/span><span class=\"s1\">der Nachkriegszeit, soll gesch\u00fctzt, in seinem Wert erkannt, verbreitet und zug\u00e4nglich gemacht werden.<\/span><\/p>\n<p class=\"p1\"><span class=\"s1\">Der Fonds hat eine kulturelle Bedeutung von allgemeinem Interesse\u00a0: ein breiteres Publikum soll den Einfallsreichtum, die Vielseitigkeit, die Originalit\u00e4t, die Dynamik entdecken, die das Werk des Bildhauers Dietrich-Mohr auszeichnen.<\/span><\/p>\n<p>[\/vc_column_text][vc_empty_space][\/vc_column][\/vc_row][vc_row][vc_column][vc_empty_space height=&#8220;62px&#8220;][vc_column_text]<\/p>\n<h5 class=\"p1\"><span class=\"s1\">Die Vorstandsmitglieder sind\u00a0:<\/span><\/h5>\n<p class=\"p1\"><strong><span class=\"s1\">DIETRICH-MOHR (1924-2016) und MARY ANN MOHR, Stifter<\/span><\/strong><\/p>\n<p class=\"p1\"><span class=\"s1\"><strong>Gilles HITTINGER-ROUX,<\/strong> (Rechtsanwalt) Vorstandsvorsitzender<\/span><\/p>\n<p class=\"p1\"><span class=\"s1\"><strong>Lydia HARAMBOURG<\/strong>, (Historian and Art Critic, Membre Correspondant de l&#8217;Institut, Acad\u00e9mie des Beaux-Arts) Stellvertretender<span class=\"Apple-converted-space\">\u00a0 <\/span>Vorsitzender<\/span><\/p>\n<p class=\"p1\"><span class=\"s1\"><strong>Mary Ann MOHR,<\/strong> Schatzmeisterin<\/span><\/p>\n<p><strong>Louis STREISSEL<\/strong> (<span class=\"s1\">Historiker<\/span>, Retrait\u00e9 de l\u2019Education Nationale) <span class=\"s1\">Schriftf\u00fchrer<\/span><\/p>\n<p class=\"p1\"><span class=\"s1\"><strong>F\u00e9licie MICHAELI<\/strong> (Wirtschaftspr\u00fcferin) Verwalter<\/span><\/p>\n<p class=\"p1\"><span class=\"s1\"><strong>Yvon CHU,<\/strong> (Architekt) Verwalter<br \/>\n<\/span><\/p>\n<p class=\"p1\"><span class=\"s1\"><strong>Patrick BAUCHET<\/strong> (<\/span><span class=\"s1\">Auftragnehmer<\/span><span class=\"s1\">) Verwalter<br \/>\n<\/span><\/p>\n<p class=\"p1\"><span class=\"s1\"><strong>Romain SCHUMANN<\/strong> (Banker, e.r.) Verwalter<br \/>\n<\/span><\/p>\n<p class=\"p1\"><em><span class=\"s1\">Der \u00ab\u00a0Fonds de Dotation\u00a0\u00bb wurde am 9. Dezember 2015 bei der Pr\u00e4fektur von Paris angemeldet. Seine Gr\u00fcndung wurde im \u00ab\u00a0Journal Officiel\u00a0\u00bb vom 26. Dezember 2015 best\u00e4tigt.<\/span><\/em><\/p>\n<p class=\"p1\"><em><span class=\"s1\">Mit gro\u00dfer Trauer verk\u00fcnden wir den Tod von Patrick-Gilles Persin, unserem Vizepr\u00e4sidenten und Pionier bei der Schaffung des Fonds.<br \/>\n<\/span><span class=\"s1\">Er starb am Donnerstag, dem 7.\/8. Februar 2019, in Bourg-en-Bresse im Schlaf. Die Abschiedszeremonie fand am 15. Februar statt. Er war ein Mann von gro\u00dfer Kultur, Gelehrter und sehr in den Dietrich-Mohr-Stiftungsfonds investiert. Er war ein echter Kamerad mit einer Stimme und einem wundersch\u00f6nen Stift, den wir sehr vermissen werden. <\/span><\/em><\/p>\n<p class=\"p1\"><em><span class=\"s1\">Mitglieder des Dietrich-Mohr-Stiftungsfonds.<\/span><\/em><\/p>\n<p>[\/vc_column_text][vc_column_text]<\/p>\n<p class=\"p1\"><span class=\"s1\">Korrespondenten in Deutschland\u00a0:<\/span><\/p>\n<p class=\"p1\"><span class=\"s1\">Wolfgang Fery, Saarlouis<br \/>\n<\/span><span class=\"s1\">Reinhold Vester, Neuss, D\u00fcsseldorf<br \/>\n<\/span><span class=\"s1\">Sabine Wenkums, M\u00fcnchen<\/span><\/p>\n<p>[\/vc_column_text][\/vc_column][\/vc_row][vc_row][vc_column width=&#8220;2\/3&#8243;]\n<div class=\"slider-simple shortcode-photo-slider owl-carousel dt-owl-carousel-init photoSlider\" data-width=\"800\" data-height=\"600\" data-autoslide=\"10000\" data-paused=\"false\" style=\"width: 100%\" data-img-mode=\"fill\">\n\t<div class=\"slide-item\">\n\t\t<img loading=\"lazy\" decoding=\"async\" class=\"preload-me aspect\" src=\"https:\/\/dietrich-mohr.com\/site\/wp-content\/uploads\/2017\/06\/DSC_0770.jpg\" srcset=\"https:\/\/dietrich-mohr.com\/site\/wp-content\/uploads\/2017\/06\/DSC_0770.jpg 1250w\" style=\"--ratio: 1250 \/ 833\" sizes=\"auto, (max-width: 1250px) 100vw, 1250px\" width=\"1250\" height=\"833\"  alt=\"\"  \/>\n\t\t<div class=\"slider-post-caption\">\n\t\t\t<div class=\"slider-post-inner\">\n\t\t\t\t<h4>Conseil d&#8217;administration, inauguration du Fonds de Dotation, 2 mai 2016<\/h4>\n\t\t\t<\/div>\n\t\t<\/div><\/div>\n\t<div class=\"slide-item\">\n\t\t<img loading=\"lazy\" decoding=\"async\" class=\"preload-me aspect\" src=\"https:\/\/dietrich-mohr.com\/site\/wp-content\/uploads\/2017\/06\/Inauguration-le-2-mai-2016-Fonds-de-Dotation.jpg\" srcset=\"https:\/\/dietrich-mohr.com\/site\/wp-content\/uploads\/2017\/06\/Inauguration-le-2-mai-2016-Fonds-de-Dotation.jpg 1280w\" style=\"--ratio: 1280 \/ 960\" sizes=\"auto, (max-width: 1280px) 100vw, 1280px\" width=\"1280\" height=\"960\"  alt=\"\"  \/>\n\t\t<div class=\"slider-post-caption\">\n\t\t\t<div class=\"slider-post-inner\">\n\t\t\t\t<h4>Inauguration le 2 mai 2016, Fonds de Dotation,<\/h4>\n\t\t\t<\/div>\n\t\t<\/div><\/div>\n\t<div class=\"slide-item\">\n\t\t<img loading=\"lazy\" decoding=\"async\" class=\"preload-me aspect\" src=\"https:\/\/dietrich-mohr.com\/site\/wp-content\/uploads\/2017\/06\/DSC_0759-P.G.Persin.jpg\" srcset=\"https:\/\/dietrich-mohr.com\/site\/wp-content\/uploads\/2017\/06\/DSC_0759-P.G.Persin.jpg 1250w\" style=\"--ratio: 1250 \/ 833\" sizes=\"auto, (max-width: 1250px) 100vw, 1250px\" width=\"1250\" height=\"833\"  alt=\"\"  \/>\n\t\t<div class=\"slider-post-caption\">\n\t\t\t<div class=\"slider-post-inner\">\n\t\t\t\t<h4>Gilles Hittinger-Roux, Patrick-Gilles Persin<\/h4>\n\t\t\t<\/div>\n\t\t<\/div><\/div>\n\t<div class=\"slide-item\">\n\t\t<img loading=\"lazy\" decoding=\"async\" class=\"preload-me aspect\" src=\"https:\/\/dietrich-mohr.com\/site\/wp-content\/uploads\/2017\/06\/DSC_0751-nous-deux.jpg\" srcset=\"https:\/\/dietrich-mohr.com\/site\/wp-content\/uploads\/2017\/06\/DSC_0751-nous-deux.jpg 1250w\" style=\"--ratio: 1250 \/ 833\" sizes=\"auto, (max-width: 1250px) 100vw, 1250px\" width=\"1250\" height=\"833\"  alt=\"\"  \/>\n\t\t<div class=\"slider-post-caption\">\n\t\t\t<div class=\"slider-post-inner\">\n\t\t\t\t<h4>Mary Ann et Dietrich-Mohr<\/h4>\n\t\t\t<\/div>\n\t\t<\/div><\/div>\n\t<div class=\"slide-item\">\n\t\t<img loading=\"lazy\" decoding=\"async\" class=\"preload-me aspect\" src=\"https:\/\/dietrich-mohr.com\/site\/wp-content\/uploads\/2017\/06\/DSC_0742-nousdeux.jpg\" srcset=\"https:\/\/dietrich-mohr.com\/site\/wp-content\/uploads\/2017\/06\/DSC_0742-nousdeux.jpg 1250w\" style=\"--ratio: 1250 \/ 833\" sizes=\"auto, (max-width: 1250px) 100vw, 1250px\" width=\"1250\" height=\"833\"  alt=\"\"  \/>\n\t\t<div class=\"slider-post-caption\">\n\t\t\t<div class=\"slider-post-inner\">\n\t\t\t\t<h4>Mary Ann et Dietrich-Mohr<\/h4>\n\t\t\t<\/div>\n\t\t<\/div><\/div>\n\t<div class=\"slide-item\">\n\t\t<img loading=\"lazy\" decoding=\"async\" class=\"preload-me aspect\" src=\"https:\/\/dietrich-mohr.com\/site\/wp-content\/uploads\/2017\/06\/DSC_0961-Mains.jpg\" srcset=\"https:\/\/dietrich-mohr.com\/site\/wp-content\/uploads\/2017\/06\/DSC_0961-Mains.jpg 1250w\" style=\"--ratio: 1250 \/ 833\" sizes=\"auto, (max-width: 1250px) 100vw, 1250px\" width=\"1250\" height=\"833\"  alt=\"\"  \/>\n\t\t<div class=\"slider-post-caption\">\n\t\t\t<div class=\"slider-post-inner\">\n\t\t\t\t<h4>Reinhold Vester, Dietrich-Mohr, Gilles Hittinger-Roux<\/h4>\n\t\t\t<\/div>\n\t\t<\/div><\/div><\/div>[\/vc_column][vc_column width=&#8220;1\/3&#8243;][\/vc_column][\/vc_row]<\/p>\n<\/div>","protected":false},"excerpt":{"rendered":"<p>[vc_row][vc_column][vc_column_text] Fonds de Dotation Dietrich-Mohr [\/vc_column_text][\/vc_column][\/vc_row][vc_row type=&#8220;1&#8243; bg_cover=&#8220;true&#8220; enable_parallax=&#8220;false&#8220;][vc_column][vc_empty_space height=&#8220;62px&#8220;][vc_column_text] Dietrich-Mohr und seine Ehefrau Mary Ann Mohr hatten den Wunsch, einen \u00ab\u00a0Fonds de Dotation\u00a0\u00bb ins Leben zu rufen, um das Werk des K\u00fcnstlers zu sch\u00fctzen. Sie haben sich an einige ihrer Freunde\u00a0mit der Bitte gewandt, den Vorstand zu bilden. Aus verschiedenen Bereichen kommend, erg\u00e4nzen die&hellip;<\/p>\n","protected":false},"author":1,"featured_media":0,"parent":0,"menu_order":0,"comment_status":"closed","ping_status":"closed","template":"","meta":{"footnotes":""},"class_list":["post-2630","page","type-page","status-publish","hentry","description-off"],"_links":{"self":[{"href":"https:\/\/dietrich-mohr.com\/de\/wp-json\/wp\/v2\/pages\/2630","targetHints":{"allow":["GET"]}}],"collection":[{"href":"https:\/\/dietrich-mohr.com\/de\/wp-json\/wp\/v2\/pages"}],"about":[{"href":"https:\/\/dietrich-mohr.com\/de\/wp-json\/wp\/v2\/types\/page"}],"author":[{"embeddable":true,"href":"https:\/\/dietrich-mohr.com\/de\/wp-json\/wp\/v2\/users\/1"}],"replies":[{"embeddable":true,"href":"https:\/\/dietrich-mohr.com\/de\/wp-json\/wp\/v2\/comments?post=2630"}],"version-history":[{"count":13,"href":"https:\/\/dietrich-mohr.com\/de\/wp-json\/wp\/v2\/pages\/2630\/revisions"}],"predecessor-version":[{"id":38086,"href":"https:\/\/dietrich-mohr.com\/de\/wp-json\/wp\/v2\/pages\/2630\/revisions\/38086"}],"wp:attachment":[{"href":"https:\/\/dietrich-mohr.com\/de\/wp-json\/wp\/v2\/media?parent=2630"}],"curies":[{"name":"wp","href":"https:\/\/api.w.org\/{rel}","templated":true}]}}